{"id":8,"date":"2022-09-23T10:23:52","date_gmt":"2022-09-23T08:23:52","guid":{"rendered":"http:\/\/xmjpriy.cluster029.hosting.ovh.net\/?page_id=8"},"modified":"2022-11-24T17:19:55","modified_gmt":"2022-11-24T16:19:55","slug":"notre-philosophie","status":"publish","type":"page","link":"https:\/\/www.todano.fr\/index.php\/notre-philosophie\/","title":{"rendered":"Notre Philosophie"},"content":{"rendered":"\t\t<div data-elementor-type=\"wp-page\" data-elementor-id=\"8\" class=\"elementor elementor-8\">\n\t\t\t\t\t\t<section class=\"elementor-section elementor-top-section elementor-element elementor-element-6c9198e elementor-section-boxed elementor-section-height-default elementor-section-height-default\" data-id=\"6c9198e\" data-element_type=\"section\" data-e-type=\"section\">\n\t\t\t\t\t\t<div class=\"elementor-container elementor-column-gap-default\">\n\t\t\t\t\t<div class=\"elementor-column elementor-col-50 elementor-top-column elementor-element elementor-element-8554da0\" data-id=\"8554da0\" data-element_type=\"column\" data-e-type=\"column\">\n\t\t\t<div class=\"elementor-widget-wrap elementor-element-populated\">\n\t\t\t\t\t\t<div class=\"elementor-element elementor-element-3705a9a elementor-widget elementor-widget-image\" data-id=\"3705a9a\" data-element_type=\"widget\" data-e-type=\"widget\" data-widget_type=\"image.default\">\n\t\t\t\t<div class=\"elementor-widget-container\">\n\t\t\t\t\t\t\t\t\t\t\t\t\t\t\t<img fetchpriority=\"high\" decoding=\"async\" width=\"223\" height=\"229\" src=\"https:\/\/i0.wp.com\/www.todano.fr\/wp-content\/uploads\/2022\/09\/bertrand2.jpg?fit=223%2C229&amp;ssl=1\" class=\"attachment-1536x1536 size-1536x1536 wp-image-72\" alt=\"\" \/>\t\t\t\t\t\t\t\t\t\t\t\t\t\t\t<\/div>\n\t\t\t\t<\/div>\n\t\t\t\t\t<\/div>\n\t\t<\/div>\n\t\t\t\t<div class=\"elementor-column elementor-col-50 elementor-top-column elementor-element elementor-element-4409315\" data-id=\"4409315\" data-element_type=\"column\" data-e-type=\"column\">\n\t\t\t<div class=\"elementor-widget-wrap elementor-element-populated\">\n\t\t\t\t\t\t<div class=\"elementor-element elementor-element-b3e273e elementor-widget elementor-widget-text-editor\" data-id=\"b3e273e\" data-element_type=\"widget\" data-e-type=\"widget\" data-widget_type=\"text-editor.default\">\n\t\t\t\t<div class=\"elementor-widget-container\">\n\t\t\t\t\t\t\t\t\t<p><strong>Le mot du Pr\u00e9sident:<\/strong><\/p>\n<p><strong>J&rsquo;ai pour satisfaction d&rsquo;accompagner mes clients dans la r\u00e9alisation de leurs besoins, accompagn\u00e9 par des industriels Fran\u00e7ais situ\u00e9s principalement en Indre et Loire et dans l&rsquo;Yonne.<\/strong><\/p>\n<p><strong>Dipl\u00f4m\u00e9 de l&rsquo;Ecole Boulle, puis 33 ann\u00e9es au service de la PLV, je saurai vous accompagner dans vos projets.<\/strong><\/p>\n<p><strong>&nbsp;<\/strong><\/p>\n<p><strong>&nbsp; &nbsp; &nbsp; &nbsp; &nbsp; &nbsp; &nbsp; &nbsp; &nbsp; &nbsp; &nbsp; &nbsp; &nbsp; &nbsp; &nbsp; &nbsp; &nbsp; &nbsp; &nbsp; &nbsp; &nbsp; &nbsp; &nbsp; &nbsp; &nbsp; &nbsp; &nbsp; &nbsp; &nbsp; &nbsp; &nbsp; &nbsp; &nbsp; &nbsp; &nbsp; Bertrand DEBIERRE<\/strong><\/p>\t\t\t\t\t\t\t\t<\/div>\n\t\t\t\t<\/div>\n\t\t\t\t\t<\/div>\n\t\t<\/div>\n\t\t\t\t\t<\/div>\n\t\t<\/section>\n\t\t\t\t<\/div>\n\t\t","protected":false},"excerpt":{"rendered":"<p>Le mot du Pr\u00e9sident: J&rsquo;ai pour satisfaction d&rsquo;accompagner mes clients dans la r\u00e9alisation de leurs besoins, accompagn\u00e9 par des industriels Fran\u00e7ais situ\u00e9s principalement en Indre et Loire et dans l&rsquo;Yonne. Dipl\u00f4m\u00e9 de l&rsquo;Ecole Boulle, puis 33 ann\u00e9es au service de la PLV, je saurai vous accompagner dans vos projets. &nbsp; &nbsp; &nbsp; &nbsp; &nbsp; &nbsp; [&hellip;]<\/p>\n","protected":false},"author":1,"featured_media":0,"parent":0,"menu_order":0,"comment_status":"closed","ping_status":"closed","template":"","meta":{"ocean_post_layout":"","ocean_both_sidebars_style":"","ocean_both_sidebars_content_width":0,"ocean_both_sidebars_sidebars_width":0,"ocean_sidebar":"0","ocean_second_sidebar":"0","ocean_disable_margins":"enable","ocean_add_body_class":"","ocean_shortcode_before_top_bar":"","ocean_shortcode_after_top_bar":"","ocean_shortcode_before_header":"","ocean_shortcode_after_header":"","ocean_has_shortcode":"","ocean_shortcode_after_title":"","ocean_shortcode_before_footer_widgets":"","ocean_shortcode_after_footer_widgets":"","ocean_shortcode_before_footer_bottom":"","ocean_shortcode_after_footer_bottom":"","ocean_display_top_bar":"default","ocean_display_header":"default","ocean_header_style":"","ocean_center_header_left_menu":"0","ocean_custom_header_template":"0","ocean_custom_logo":0,"ocean_custom_retina_logo":0,"ocean_custom_logo_max_width":0,"ocean_custom_logo_tablet_max_width":0,"ocean_custom_logo_mobile_max_width":0,"ocean_custom_logo_max_height":0,"ocean_custom_logo_tablet_max_height":0,"ocean_custom_logo_mobile_max_height":0,"ocean_header_custom_menu":"0","ocean_menu_typo_font_family":"0","ocean_menu_typo_font_subset":"","ocean_menu_typo_font_size":0,"ocean_menu_typo_font_size_tablet":0,"ocean_menu_typo_font_size_mobile":0,"ocean_menu_typo_font_size_unit":"px","ocean_menu_typo_font_weight":"","ocean_menu_typo_font_weight_tablet":"","ocean_menu_typo_font_weight_mobile":"","ocean_menu_typo_transform":"","ocean_menu_typo_transform_tablet":"","ocean_menu_typo_transform_mobile":"","ocean_menu_typo_line_height":0,"ocean_menu_typo_line_height_tablet":0,"ocean_menu_typo_line_height_mobile":0,"ocean_menu_typo_line_height_unit":"","ocean_menu_typo_spacing":0,"ocean_menu_typo_spacing_tablet":0,"ocean_menu_typo_spacing_mobile":0,"ocean_menu_typo_spacing_unit":"","ocean_menu_link_color":"","ocean_menu_link_color_hover":"","ocean_menu_link_color_active":"","ocean_menu_link_background":"","ocean_menu_link_hover_background":"","ocean_menu_link_active_background":"","ocean_menu_social_links_bg":"","ocean_menu_social_hover_links_bg":"","ocean_menu_social_links_color":"","ocean_menu_social_hover_links_color":"","ocean_disable_title":"default","ocean_disable_heading":"default","ocean_post_title":"","ocean_post_subheading":"","ocean_post_title_style":"","ocean_post_title_background_color":"","ocean_post_title_background":0,"ocean_post_title_bg_image_position":"","ocean_post_title_bg_image_attachment":"","ocean_post_title_bg_image_repeat":"","ocean_post_title_bg_image_size":"","ocean_post_title_height":0,"ocean_post_title_bg_overlay":0.5,"ocean_post_title_bg_overlay_color":"","ocean_disable_breadcrumbs":"default","ocean_breadcrumbs_color":"","ocean_breadcrumbs_separator_color":"","ocean_breadcrumbs_links_color":"","ocean_breadcrumbs_links_hover_color":"","ocean_display_footer_widgets":"default","ocean_display_footer_bottom":"default","ocean_custom_footer_template":"0","footnotes":""},"class_list":["post-8","page","type-page","status-publish","hentry","entry"],"yoast_head":"<!-- This site is optimized with the Yoast SEO plugin v20.8 - https:\/\/yoast.com\/wordpress\/plugins\/seo\/ -->\n<title>Notre Philosophie - Todano<\/title>\n<meta name=\"robots\" content=\"index, follow, max-snippet:-1, max-image-preview:large, max-video-preview:-1\" \/>\n<link rel=\"canonical\" href=\"https:\/\/www.todano.fr\/index.php\/notre-philosophie\/\" \/>\n<meta property=\"og:locale\" content=\"fr_FR\" \/>\n<meta property=\"og:type\" content=\"article\" \/>\n<meta property=\"og:title\" content=\"Notre Philosophie - Todano\" \/>\n<meta property=\"og:description\" content=\"Le mot du Pr\u00e9sident: J&rsquo;ai pour satisfaction d&rsquo;accompagner mes clients dans la r\u00e9alisation de leurs besoins, accompagn\u00e9 par des industriels Fran\u00e7ais situ\u00e9s principalement en Indre et Loire et dans l&rsquo;Yonne. Dipl\u00f4m\u00e9 de l&rsquo;Ecole Boulle, puis 33 ann\u00e9es au service de la PLV, je saurai vous accompagner dans vos projets. &nbsp; &nbsp; &nbsp; &nbsp; &nbsp; &nbsp; [&hellip;]\" \/>\n<meta property=\"og:url\" content=\"https:\/\/www.todano.fr\/index.php\/notre-philosophie\/\" \/>\n<meta property=\"og:site_name\" content=\"Todano\" \/>\n<meta property=\"article:modified_time\" content=\"2022-11-24T16:19:55+00:00\" \/>\n<meta property=\"og:image\" content=\"http:\/\/www.todano.fr\/wp-content\/uploads\/2022\/09\/bertrand2.jpg\" \/>\n<meta name=\"twitter:card\" content=\"summary_large_image\" \/>\n<meta name=\"twitter:label1\" content=\"Dur\u00e9e de lecture estim\u00e9e\" \/>\n\t<meta name=\"twitter:data1\" content=\"1 minute\" \/>\n<script type=\"application\/ld+json\" class=\"yoast-schema-graph\">{\"@context\":\"https:\/\/schema.org\",\"@graph\":[{\"@type\":\"WebPage\",\"@id\":\"https:\/\/www.todano.fr\/index.php\/notre-philosophie\/\",\"url\":\"https:\/\/www.todano.fr\/index.php\/notre-philosophie\/\",\"name\":\"Notre Philosophie - Todano\",\"isPartOf\":{\"@id\":\"http:\/\/www.todano.fr\/#website\"},\"datePublished\":\"2022-09-23T08:23:52+00:00\",\"dateModified\":\"2022-11-24T16:19:55+00:00\",\"breadcrumb\":{\"@id\":\"https:\/\/www.todano.fr\/index.php\/notre-philosophie\/#breadcrumb\"},\"inLanguage\":\"fr-FR\",\"potentialAction\":[{\"@type\":\"ReadAction\",\"target\":[\"https:\/\/www.todano.fr\/index.php\/notre-philosophie\/\"]}]},{\"@type\":\"BreadcrumbList\",\"@id\":\"https:\/\/www.todano.fr\/index.php\/notre-philosophie\/#breadcrumb\",\"itemListElement\":[{\"@type\":\"ListItem\",\"position\":1,\"name\":\"Accueil\",\"item\":\"https:\/\/www.todano.fr\/\"},{\"@type\":\"ListItem\",\"position\":2,\"name\":\"Notre Philosophie\"}]},{\"@type\":\"WebSite\",\"@id\":\"http:\/\/www.todano.fr\/#website\",\"url\":\"http:\/\/www.todano.fr\/\",\"name\":\"Todano\",\"description\":\"Etude de vos projets PLV, Todano a votre service\",\"potentialAction\":[{\"@type\":\"SearchAction\",\"target\":{\"@type\":\"EntryPoint\",\"urlTemplate\":\"http:\/\/www.todano.fr\/?s={search_term_string}\"},\"query-input\":\"required name=search_term_string\"}],\"inLanguage\":\"fr-FR\"}]}<\/script>\n<!-- \/ Yoast SEO plugin. -->","yoast_head_json":{"title":"Notre Philosophie - Todano","robots":{"index":"index","follow":"follow","max-snippet":"max-snippet:-1","max-image-preview":"max-image-preview:large","max-video-preview":"max-video-preview:-1"},"canonical":"https:\/\/www.todano.fr\/index.php\/notre-philosophie\/","og_locale":"fr_FR","og_type":"article","og_title":"Notre Philosophie - Todano","og_description":"Le mot du Pr\u00e9sident: J&rsquo;ai pour satisfaction d&rsquo;accompagner mes clients dans la r\u00e9alisation de leurs besoins, accompagn\u00e9 par des industriels Fran\u00e7ais situ\u00e9s principalement en Indre et Loire et dans l&rsquo;Yonne. Dipl\u00f4m\u00e9 de l&rsquo;Ecole Boulle, puis 33 ann\u00e9es au service de la PLV, je saurai vous accompagner dans vos projets. &nbsp; &nbsp; &nbsp; &nbsp; &nbsp; &nbsp; [&hellip;]","og_url":"https:\/\/www.todano.fr\/index.php\/notre-philosophie\/","og_site_name":"Todano","article_modified_time":"2022-11-24T16:19:55+00:00","og_image":[{"url":"http:\/\/www.todano.fr\/wp-content\/uploads\/2022\/09\/bertrand2.jpg"}],"twitter_card":"summary_large_image","twitter_misc":{"Dur\u00e9e de lecture estim\u00e9e":"1 minute"},"schema":{"@context":"https:\/\/schema.org","@graph":[{"@type":"WebPage","@id":"https:\/\/www.todano.fr\/index.php\/notre-philosophie\/","url":"https:\/\/www.todano.fr\/index.php\/notre-philosophie\/","name":"Notre Philosophie - Todano","isPartOf":{"@id":"http:\/\/www.todano.fr\/#website"},"datePublished":"2022-09-23T08:23:52+00:00","dateModified":"2022-11-24T16:19:55+00:00","breadcrumb":{"@id":"https:\/\/www.todano.fr\/index.php\/notre-philosophie\/#breadcrumb"},"inLanguage":"fr-FR","potentialAction":[{"@type":"ReadAction","target":["https:\/\/www.todano.fr\/index.php\/notre-philosophie\/"]}]},{"@type":"BreadcrumbList","@id":"https:\/\/www.todano.fr\/index.php\/notre-philosophie\/#breadcrumb","itemListElement":[{"@type":"ListItem","position":1,"name":"Accueil","item":"https:\/\/www.todano.fr\/"},{"@type":"ListItem","position":2,"name":"Notre Philosophie"}]},{"@type":"WebSite","@id":"http:\/\/www.todano.fr\/#website","url":"http:\/\/www.todano.fr\/","name":"Todano","description":"Etude de vos projets PLV, Todano a votre service","potentialAction":[{"@type":"SearchAction","target":{"@type":"EntryPoint","urlTemplate":"http:\/\/www.todano.fr\/?s={search_term_string}"},"query-input":"required name=search_term_string"}],"inLanguage":"fr-FR"}]}},"jetpack_sharing_enabled":true,"_links":{"self":[{"href":"https:\/\/www.todano.fr\/index.php\/wp-json\/wp\/v2\/pages\/8","targetHints":{"allow":["GET"]}}],"collection":[{"href":"https:\/\/www.todano.fr\/index.php\/wp-json\/wp\/v2\/pages"}],"about":[{"href":"https:\/\/www.todano.fr\/index.php\/wp-json\/wp\/v2\/types\/page"}],"author":[{"embeddable":true,"href":"https:\/\/www.todano.fr\/index.php\/wp-json\/wp\/v2\/users\/1"}],"replies":[{"embeddable":true,"href":"https:\/\/www.todano.fr\/index.php\/wp-json\/wp\/v2\/comments?post=8"}],"version-history":[{"count":29,"href":"https:\/\/www.todano.fr\/index.php\/wp-json\/wp\/v2\/pages\/8\/revisions"}],"predecessor-version":[{"id":365,"href":"https:\/\/www.todano.fr\/index.php\/wp-json\/wp\/v2\/pages\/8\/revisions\/365"}],"wp:attachment":[{"href":"https:\/\/www.todano.fr\/index.php\/wp-json\/wp\/v2\/media?parent=8"}],"curies":[{"name":"wp","href":"https:\/\/api.w.org\/{rel}","templated":true}]}}