{"id":30,"date":"2022-09-26T11:44:44","date_gmt":"2022-09-26T09:44:44","guid":{"rendered":"http:\/\/xmjpriy.cluster029.hosting.ovh.net\/?page_id=30"},"modified":"2022-12-06T12:06:12","modified_gmt":"2022-12-06T11:06:12","slug":"projet-plv","status":"publish","type":"page","link":"https:\/\/www.todano.fr\/","title":{"rendered":"Projet PLV"},"content":{"rendered":"\t\t<div data-elementor-type=\"wp-page\" data-elementor-id=\"30\" class=\"elementor elementor-30\">\n\t\t\t\t\t\t<section class=\"elementor-section elementor-top-section elementor-element elementor-element-3a3ce8a elementor-section-stretched elementor-section-boxed elementor-section-height-default elementor-section-height-default\" data-id=\"3a3ce8a\" data-element_type=\"section\" data-e-type=\"section\" data-settings=\"{&quot;stretch_section&quot;:&quot;section-stretched&quot;,&quot;background_background&quot;:&quot;classic&quot;}\">\n\t\t\t\t\t\t\t<div class=\"elementor-background-overlay\"><\/div>\n\t\t\t\t\t\t\t<div class=\"elementor-container elementor-column-gap-default\">\n\t\t\t\t\t<div class=\"elementor-column elementor-col-100 elementor-top-column elementor-element elementor-element-bc1ea0d\" data-id=\"bc1ea0d\" data-element_type=\"column\" data-e-type=\"column\">\n\t\t\t<div class=\"elementor-widget-wrap elementor-element-populated\">\n\t\t\t\t\t\t<div class=\"elementor-element elementor-element-55dc78a elementor-widget elementor-widget-image\" data-id=\"55dc78a\" data-element_type=\"widget\" data-e-type=\"widget\" data-widget_type=\"image.default\">\n\t\t\t\t<div class=\"elementor-widget-container\">\n\t\t\t\t\t\t\t\t\t\t\t\t\t\t\t<img fetchpriority=\"high\" decoding=\"async\" width=\"1024\" height=\"676\" src=\"https:\/\/i0.wp.com\/www.todano.fr\/wp-content\/uploads\/2022\/11\/tODANO-FOND-INC.png?fit=1024%2C676&amp;ssl=1\" class=\"attachment-large size-large wp-image-305\" alt=\"\" srcset=\"https:\/\/i0.wp.com\/www.todano.fr\/wp-content\/uploads\/2022\/11\/tODANO-FOND-INC.png?w=1822&amp;ssl=1 1822w, https:\/\/i0.wp.com\/www.todano.fr\/wp-content\/uploads\/2022\/11\/tODANO-FOND-INC.png?resize=300%2C198&amp;ssl=1 300w, https:\/\/i0.wp.com\/www.todano.fr\/wp-content\/uploads\/2022\/11\/tODANO-FOND-INC.png?resize=1024%2C676&amp;ssl=1 1024w, https:\/\/i0.wp.com\/www.todano.fr\/wp-content\/uploads\/2022\/11\/tODANO-FOND-INC.png?resize=768%2C507&amp;ssl=1 768w, https:\/\/i0.wp.com\/www.todano.fr\/wp-content\/uploads\/2022\/11\/tODANO-FOND-INC.png?resize=1536%2C1013&amp;ssl=1 1536w\" sizes=\"(max-width: 1024px) 100vw, 1024px\" \/>\t\t\t\t\t\t\t\t\t\t\t\t\t\t\t<\/div>\n\t\t\t\t<\/div>\n\t\t\t\t<div class=\"elementor-element elementor-element-f5291b4 elementor-widget elementor-widget-text-editor\" data-id=\"f5291b4\" data-element_type=\"widget\" data-e-type=\"widget\" data-widget_type=\"text-editor.default\">\n\t\t\t\t<div class=\"elementor-widget-container\">\n\t\t\t\t\t\t\t\t\t<h1><strong>Bureau d&rsquo;\u00e9tude sp\u00e9cialiste de la PLV situ\u00e9 en Indre et Loire<\/strong><\/h1><h1><strong>Todano appuy\u00e9 sur 33 ann\u00e9es de gestion de production aupr\u00e8s des principales agences de PLV, <\/strong><strong>vous propose la gestion de vos dossiers de fa\u00e7on ind\u00e9pendante et critique afin d&rsquo;obtenir de nos partenaires industriels Fran\u00e7ais la meilleure r\u00e9ponse qualitative et financi\u00e8re.<\/strong><\/h1>\t\t\t\t\t\t\t\t<\/div>\n\t\t\t\t<\/div>\n\t\t\t\t\t<\/div>\n\t\t<\/div>\n\t\t\t\t\t<\/div>\n\t\t<\/section>\n\t\t\t\t<section class=\"elementor-section elementor-top-section elementor-element elementor-element-39816b3 elementor-section-stretched elementor-section-boxed elementor-section-height-default elementor-section-height-default\" data-id=\"39816b3\" data-element_type=\"section\" data-e-type=\"section\" data-settings=\"{&quot;stretch_section&quot;:&quot;section-stretched&quot;,&quot;background_background&quot;:&quot;classic&quot;}\">\n\t\t\t\t\t\t<div class=\"elementor-container elementor-column-gap-default\">\n\t\t\t\t\t<div class=\"elementor-column elementor-col-50 elementor-top-column elementor-element elementor-element-c8635c9\" data-id=\"c8635c9\" data-element_type=\"column\" data-e-type=\"column\">\n\t\t\t<div class=\"elementor-widget-wrap elementor-element-populated\">\n\t\t\t\t\t\t<div class=\"elementor-element elementor-element-8ac6856 elementor-widget elementor-widget-image\" data-id=\"8ac6856\" data-element_type=\"widget\" data-e-type=\"widget\" data-widget_type=\"image.default\">\n\t\t\t\t<div class=\"elementor-widget-container\">\n\t\t\t\t\t\t\t\t\t\t\t\t\t\t\t<img decoding=\"async\" width=\"300\" height=\"280\" src=\"https:\/\/i0.wp.com\/www.todano.fr\/wp-content\/uploads\/2022\/09\/fRANCE.png?fit=300%2C280&amp;ssl=1\" class=\"attachment-medium size-medium wp-image-42\" alt=\"\" srcset=\"https:\/\/i0.wp.com\/www.todano.fr\/wp-content\/uploads\/2022\/09\/fRANCE.png?w=749&amp;ssl=1 749w, https:\/\/i0.wp.com\/www.todano.fr\/wp-content\/uploads\/2022\/09\/fRANCE.png?resize=300%2C280&amp;ssl=1 300w\" sizes=\"(max-width: 300px) 100vw, 300px\" \/>\t\t\t\t\t\t\t\t\t\t\t\t\t\t\t<\/div>\n\t\t\t\t<\/div>\n\t\t\t\t\t<\/div>\n\t\t<\/div>\n\t\t\t\t<div class=\"elementor-column elementor-col-50 elementor-top-column elementor-element elementor-element-02deaea\" data-id=\"02deaea\" data-element_type=\"column\" data-e-type=\"column\">\n\t\t\t<div class=\"elementor-widget-wrap elementor-element-populated\">\n\t\t\t\t\t\t<div class=\"elementor-element elementor-element-c53ffae elementor-widget elementor-widget-text-editor\" data-id=\"c53ffae\" data-element_type=\"widget\" data-e-type=\"widget\" data-widget_type=\"text-editor.default\">\n\t\t\t\t<div class=\"elementor-widget-container\">\n\t\t\t\t\t\t\t\t\t<p>Adr. 1, rue de la Chaumine<\/p><p>\u00a037110 Auzouer en Touraine<\/p><p>Email. contact@todano.fr<\/p><p>Port. 06 75 48 86 86<\/p>\t\t\t\t\t\t\t\t<\/div>\n\t\t\t\t<\/div>\n\t\t\t\t\t<\/div>\n\t\t<\/div>\n\t\t\t\t\t<\/div>\n\t\t<\/section>\n\t\t\t\t<section class=\"elementor-section elementor-top-section elementor-element elementor-element-ab5736f elementor-section-stretched elementor-section-boxed elementor-section-height-default elementor-section-height-default\" data-id=\"ab5736f\" data-element_type=\"section\" data-e-type=\"section\" data-settings=\"{&quot;stretch_section&quot;:&quot;section-stretched&quot;,&quot;background_background&quot;:&quot;classic&quot;}\">\n\t\t\t\t\t\t<div class=\"elementor-container elementor-column-gap-default\">\n\t\t\t\t\t<div class=\"elementor-column elementor-col-100 elementor-top-column elementor-element elementor-element-67589a3\" data-id=\"67589a3\" data-element_type=\"column\" data-e-type=\"column\">\n\t\t\t<div class=\"elementor-widget-wrap\">\n\t\t\t\t\t\t\t<\/div>\n\t\t<\/div>\n\t\t\t\t\t<\/div>\n\t\t<\/section>\n\t\t\t\t<\/div>\n\t\t","protected":false},"excerpt":{"rendered":"<p>Bureau d&rsquo;\u00e9tude sp\u00e9cialiste de la PLV situ\u00e9 en Indre et Loire Todano appuy\u00e9 sur 33 ann\u00e9es de gestion de production aupr\u00e8s des principales agences de PLV, vous propose la gestion de vos dossiers de fa\u00e7on ind\u00e9pendante et critique afin d&rsquo;obtenir de nos partenaires industriels Fran\u00e7ais la meilleure r\u00e9ponse qualitative et financi\u00e8re. Adr. 1, rue de [&hellip;]<\/p>\n","protected":false},"author":1,"featured_media":0,"parent":0,"menu_order":0,"comment_status":"closed","ping_status":"closed","template":"","meta":{"ocean_post_layout":"","ocean_both_sidebars_style":"","ocean_both_sidebars_content_width":0,"ocean_both_sidebars_sidebars_width":0,"ocean_sidebar":"0","ocean_second_sidebar":"0","ocean_disable_margins":"enable","ocean_add_body_class":"","ocean_shortcode_before_top_bar":"","ocean_shortcode_after_top_bar":"","ocean_shortcode_before_header":"","ocean_shortcode_after_header":"","ocean_has_shortcode":"","ocean_shortcode_after_title":"","ocean_shortcode_before_footer_widgets":"","ocean_shortcode_after_footer_widgets":"","ocean_shortcode_before_footer_bottom":"","ocean_shortcode_after_footer_bottom":"","ocean_display_top_bar":"default","ocean_display_header":"default","ocean_header_style":"","ocean_center_header_left_menu":"0","ocean_custom_header_template":"0","ocean_custom_logo":0,"ocean_custom_retina_logo":0,"ocean_custom_logo_max_width":0,"ocean_custom_logo_tablet_max_width":0,"ocean_custom_logo_mobile_max_width":0,"ocean_custom_logo_max_height":0,"ocean_custom_logo_tablet_max_height":0,"ocean_custom_logo_mobile_max_height":0,"ocean_header_custom_menu":"0","ocean_menu_typo_font_family":"0","ocean_menu_typo_font_subset":"","ocean_menu_typo_font_size":0,"ocean_menu_typo_font_size_tablet":0,"ocean_menu_typo_font_size_mobile":0,"ocean_menu_typo_font_size_unit":"px","ocean_menu_typo_font_weight":"","ocean_menu_typo_font_weight_tablet":"","ocean_menu_typo_font_weight_mobile":"","ocean_menu_typo_transform":"","ocean_menu_typo_transform_tablet":"","ocean_menu_typo_transform_mobile":"","ocean_menu_typo_line_height":0,"ocean_menu_typo_line_height_tablet":0,"ocean_menu_typo_line_height_mobile":0,"ocean_menu_typo_line_height_unit":"","ocean_menu_typo_spacing":0,"ocean_menu_typo_spacing_tablet":0,"ocean_menu_typo_spacing_mobile":0,"ocean_menu_typo_spacing_unit":"","ocean_menu_link_color":"","ocean_menu_link_color_hover":"","ocean_menu_link_color_active":"","ocean_menu_link_background":"","ocean_menu_link_hover_background":"","ocean_menu_link_active_background":"","ocean_menu_social_links_bg":"","ocean_menu_social_hover_links_bg":"","ocean_menu_social_links_color":"","ocean_menu_social_hover_links_color":"","ocean_disable_title":"default","ocean_disable_heading":"default","ocean_post_title":"","ocean_post_subheading":"","ocean_post_title_style":"","ocean_post_title_background_color":"","ocean_post_title_background":0,"ocean_post_title_bg_image_position":"","ocean_post_title_bg_image_attachment":"","ocean_post_title_bg_image_repeat":"","ocean_post_title_bg_image_size":"","ocean_post_title_height":0,"ocean_post_title_bg_overlay":0.5,"ocean_post_title_bg_overlay_color":"","ocean_disable_breadcrumbs":"default","ocean_breadcrumbs_color":"","ocean_breadcrumbs_separator_color":"","ocean_breadcrumbs_links_color":"","ocean_breadcrumbs_links_hover_color":"","ocean_display_footer_widgets":"default","ocean_display_footer_bottom":"default","ocean_custom_footer_template":"0","footnotes":""},"class_list":["post-30","page","type-page","status-publish","hentry","entry"],"yoast_head":"<!-- This site is optimized with the Yoast SEO plugin v20.8 - https:\/\/yoast.com\/wordpress\/plugins\/seo\/ -->\n<title>D\u00e9marrez votre projet PLV - Todano<\/title>\n<meta name=\"description\" content=\"Todano est une entreprise sp\u00e9cialis\u00e9e dans le d\u00e9veloppement de projet PLV. Nous travaillons en collaboration avec des industriels Fran\u00e7ais.\" \/>\n<meta name=\"robots\" content=\"index, follow, max-snippet:-1, max-image-preview:large, max-video-preview:-1\" \/>\n<link rel=\"canonical\" href=\"https:\/\/www.todano.fr\/\" \/>\n<meta property=\"og:locale\" content=\"fr_FR\" \/>\n<meta property=\"og:type\" content=\"article\" \/>\n<meta property=\"og:title\" content=\"D\u00e9marrez votre projet PLV - Todano\" \/>\n<meta property=\"og:description\" content=\"Todano est une entreprise sp\u00e9cialis\u00e9e dans le d\u00e9veloppement de projet PLV. Nous travaillons en collaboration avec des industriels Fran\u00e7ais.\" \/>\n<meta property=\"og:url\" content=\"https:\/\/www.todano.fr\/\" \/>\n<meta property=\"og:site_name\" content=\"Todano\" \/>\n<meta property=\"article:modified_time\" content=\"2022-12-06T11:06:12+00:00\" \/>\n<meta property=\"og:image\" content=\"http:\/\/www.todano.fr\/wp-content\/uploads\/2022\/11\/tODANO-FOND-INC-1024x676.png\" \/>\n<meta name=\"twitter:card\" content=\"summary_large_image\" \/>\n<meta name=\"twitter:label1\" content=\"Dur\u00e9e de lecture estim\u00e9e\" \/>\n\t<meta name=\"twitter:data1\" content=\"1 minute\" \/>\n<script type=\"application\/ld+json\" class=\"yoast-schema-graph\">{\"@context\":\"https:\/\/schema.org\",\"@graph\":[{\"@type\":\"WebPage\",\"@id\":\"https:\/\/www.todano.fr\/\",\"url\":\"https:\/\/www.todano.fr\/\",\"name\":\"D\u00e9marrez votre projet PLV - Todano\",\"isPartOf\":{\"@id\":\"http:\/\/www.todano.fr\/#website\"},\"datePublished\":\"2022-09-26T09:44:44+00:00\",\"dateModified\":\"2022-12-06T11:06:12+00:00\",\"description\":\"Todano est une entreprise sp\u00e9cialis\u00e9e dans le d\u00e9veloppement de projet PLV. Nous travaillons en collaboration avec des industriels Fran\u00e7ais.\",\"breadcrumb\":{\"@id\":\"https:\/\/www.todano.fr\/#breadcrumb\"},\"inLanguage\":\"fr-FR\",\"potentialAction\":[{\"@type\":\"ReadAction\",\"target\":[\"https:\/\/www.todano.fr\/\"]}]},{\"@type\":\"BreadcrumbList\",\"@id\":\"https:\/\/www.todano.fr\/#breadcrumb\",\"itemListElement\":[{\"@type\":\"ListItem\",\"position\":1,\"name\":\"Accueil\",\"item\":\"https:\/\/www.todano.fr\/\"},{\"@type\":\"ListItem\",\"position\":2,\"name\":\"Projet PLV\"}]},{\"@type\":\"WebSite\",\"@id\":\"http:\/\/www.todano.fr\/#website\",\"url\":\"http:\/\/www.todano.fr\/\",\"name\":\"Todano\",\"description\":\"Etude de vos projets PLV, Todano a votre service\",\"potentialAction\":[{\"@type\":\"SearchAction\",\"target\":{\"@type\":\"EntryPoint\",\"urlTemplate\":\"http:\/\/www.todano.fr\/?s={search_term_string}\"},\"query-input\":\"required name=search_term_string\"}],\"inLanguage\":\"fr-FR\"}]}<\/script>\n<!-- \/ Yoast SEO plugin. -->","yoast_head_json":{"title":"D\u00e9marrez votre projet PLV - Todano","description":"Todano est une entreprise sp\u00e9cialis\u00e9e dans le d\u00e9veloppement de projet PLV. Nous travaillons en collaboration avec des industriels Fran\u00e7ais.","robots":{"index":"index","follow":"follow","max-snippet":"max-snippet:-1","max-image-preview":"max-image-preview:large","max-video-preview":"max-video-preview:-1"},"canonical":"https:\/\/www.todano.fr\/","og_locale":"fr_FR","og_type":"article","og_title":"D\u00e9marrez votre projet PLV - Todano","og_description":"Todano est une entreprise sp\u00e9cialis\u00e9e dans le d\u00e9veloppement de projet PLV. Nous travaillons en collaboration avec des industriels Fran\u00e7ais.","og_url":"https:\/\/www.todano.fr\/","og_site_name":"Todano","article_modified_time":"2022-12-06T11:06:12+00:00","og_image":[{"url":"http:\/\/www.todano.fr\/wp-content\/uploads\/2022\/11\/tODANO-FOND-INC-1024x676.png"}],"twitter_card":"summary_large_image","twitter_misc":{"Dur\u00e9e de lecture estim\u00e9e":"1 minute"},"schema":{"@context":"https:\/\/schema.org","@graph":[{"@type":"WebPage","@id":"https:\/\/www.todano.fr\/","url":"https:\/\/www.todano.fr\/","name":"D\u00e9marrez votre projet PLV - Todano","isPartOf":{"@id":"http:\/\/www.todano.fr\/#website"},"datePublished":"2022-09-26T09:44:44+00:00","dateModified":"2022-12-06T11:06:12+00:00","description":"Todano est une entreprise sp\u00e9cialis\u00e9e dans le d\u00e9veloppement de projet PLV. Nous travaillons en collaboration avec des industriels Fran\u00e7ais.","breadcrumb":{"@id":"https:\/\/www.todano.fr\/#breadcrumb"},"inLanguage":"fr-FR","potentialAction":[{"@type":"ReadAction","target":["https:\/\/www.todano.fr\/"]}]},{"@type":"BreadcrumbList","@id":"https:\/\/www.todano.fr\/#breadcrumb","itemListElement":[{"@type":"ListItem","position":1,"name":"Accueil","item":"https:\/\/www.todano.fr\/"},{"@type":"ListItem","position":2,"name":"Projet PLV"}]},{"@type":"WebSite","@id":"http:\/\/www.todano.fr\/#website","url":"http:\/\/www.todano.fr\/","name":"Todano","description":"Etude de vos projets PLV, Todano a votre service","potentialAction":[{"@type":"SearchAction","target":{"@type":"EntryPoint","urlTemplate":"http:\/\/www.todano.fr\/?s={search_term_string}"},"query-input":"required name=search_term_string"}],"inLanguage":"fr-FR"}]}},"jetpack_sharing_enabled":true,"_links":{"self":[{"href":"https:\/\/www.todano.fr\/index.php\/wp-json\/wp\/v2\/pages\/30","targetHints":{"allow":["GET"]}}],"collection":[{"href":"https:\/\/www.todano.fr\/index.php\/wp-json\/wp\/v2\/pages"}],"about":[{"href":"https:\/\/www.todano.fr\/index.php\/wp-json\/wp\/v2\/types\/page"}],"author":[{"embeddable":true,"href":"https:\/\/www.todano.fr\/index.php\/wp-json\/wp\/v2\/users\/1"}],"replies":[{"embeddable":true,"href":"https:\/\/www.todano.fr\/index.php\/wp-json\/wp\/v2\/comments?post=30"}],"version-history":[{"count":42,"href":"https:\/\/www.todano.fr\/index.php\/wp-json\/wp\/v2\/pages\/30\/revisions"}],"predecessor-version":[{"id":370,"href":"https:\/\/www.todano.fr\/index.php\/wp-json\/wp\/v2\/pages\/30\/revisions\/370"}],"wp:attachment":[{"href":"https:\/\/www.todano.fr\/index.php\/wp-json\/wp\/v2\/media?parent=30"}],"curies":[{"name":"wp","href":"https:\/\/api.w.org\/{rel}","templated":true}]}}